{"id":7319,"date":"2013-12-28T22:06:56","date_gmt":"2013-12-28T21:06:56","guid":{"rendered":"http:\/\/vivelaterre.com\/livres2026\/?page_id=7319"},"modified":"2015-05-30T03:04:33","modified_gmt":"2015-05-30T01:04:33","slug":"auteurs","status":"publish","type":"page","link":"https:\/\/vivelaterre.com\/livres2026\/auteurs\/","title":{"rendered":"Des auteurs \u00e9clectiques"},"content":{"rendered":"[mk_page_section border_color=\u00a0\u00bb#e8e8e8&Prime; bg_color=\u00a0\u00bb#f7f7f7&Prime; attachment=\u00a0\u00bbscroll\u00a0\u00bb enable_3d=\u00a0\u00bbfalse\u00a0\u00bb speed_factor=\u00a0\u00bb0&Prime; section_layout=\u00a0\u00bbfull\u00a0\u00bb min_height=\u00a0\u00bb50&Prime; padding_top=\u00a0\u00bb1&Prime; padding_bottom=\u00a0\u00bb10&Prime; margin_bottom=\u00a0\u00bb0&Prime; last_page=\u00a0\u00bbtrue\u00a0\u00bb bg_position=\u00a0\u00bbleft top\u00a0\u00bb bg_repeat=\u00a0\u00bbrepeat\u00a0\u00bb bg_stretch=\u00a0\u00bbfalse\u00a0\u00bb bg_video=\u00a0\u00bbno\u00a0\u00bb video_mask=\u00a0\u00bbfalse\u00a0\u00bb video_opacity=\u00a0\u00bb0.6&Prime; top_shadow=\u00a0\u00bbfalse\u00a0\u00bb first_page=\u00a0\u00bbfalse\u00a0\u00bb][vc_column width=\u00a0\u00bb1\/1&Prime;][mk_fancy_title tag_name=\u00a0\u00bbh1&Prime; style=\u00a0\u00bbfalse\u00a0\u00bb color=\u00a0\u00bb#393836&Prime; size=\u00a0\u00bb24&Prime; font_weight=\u00a0\u00bbinhert\u00a0\u00bb margin_top=\u00a0\u00bb30&Prime; margin_bottom=\u00a0\u00bb0&Prime; font_family=\u00a0\u00bbnone\u00a0\u00bb align=\u00a0\u00bbcenter\u00a0\u00bb width=\u00a0\u00bb1\/1&Prime; el_position=\u00a0\u00bbfirst last\u00a0\u00bb]LES AUTEURS<br \/>\nConversation pour l&rsquo;avenir[\/mk_fancy_title][mk_divider style=\u00a0\u00bbthick_solid\u00a0\u00bb divider_width=\u00a0\u00bbone_fourth\u00a0\u00bb margin_top=\u00a0\u00bb13&Prime; margin_bottom=\u00a0\u00bb25&Prime; width=\u00a0\u00bb1\/1&Prime; el_position=\u00a0\u00bbfirst last\u00a0\u00bb][mk_fancy_title tag_name=\u00a0\u00bbh1&Prime; style=\u00a0\u00bbfalse\u00a0\u00bb color=\u00a0\u00bb#666666&Prime; size=\u00a0\u00bb13&Prime; font_weight=\u00a0\u00bbnormal\u00a0\u00bb margin_top=\u00a0\u00bb-10&Prime; margin_bottom=\u00a0\u00bb18&Prime; font_family=\u00a0\u00bbnone\u00a0\u00bb align=\u00a0\u00bbcenter\u00a0\u00bb width=\u00a0\u00bb1\/1&Prime; el_position=\u00a0\u00bbfirst last\u00a0\u00bb]Penseurs, \u00e9crivains, artistes, explorateurs, personnalit\u00e9s et citoyens engag\u00e9s\u00a0;<br \/>\nGens de tous horizons qui marquent notre monde contemporain\u00a0;<br \/>\nPar leur pens\u00e9e et par leur action, ils nous aident \u00e0 \u00e9clairer l\u2019avenir.[\/mk_fancy_title][mk_padding_divider size=\u00a0\u00bb40&Prime; width=\u00a0\u00bb1\/1&Prime; el_position=\u00a0\u00bbfirst last\u00a0\u00bb][mk_employees style=\u00a0\u00bbsimple\u00a0\u00bb column=\u00a0\u00bb4&Prime; box_blur=\u00a0\u00bbfalse\u00a0\u00bb count=\u00a0\u00bb8&Prime; order=\u00a0\u00bbASC\u00a0\u00bb orderby=\u00a0\u00bbtitle\u00a0\u00bb width=\u00a0\u00bb1\/1&Prime; el_position=\u00a0\u00bbfirst last\u00a0\u00bb offset=\u00a0\u00bb0&Prime; description=\u00a0\u00bbtrue\u00a0\u00bb employees=\u00a0\u00bb7269,7255,28,7262,7265,7252,7268,7257&Prime;][mk_divider style=\u00a0\u00bbsingle_dotted\u00a0\u00bb divider_width=\u00a0\u00bbfull_width\u00a0\u00bb margin_top=\u00a0\u00bb0&Prime; margin_bottom=\u00a0\u00bb50&Prime; width=\u00a0\u00bb1\/1&Prime; el_position=\u00a0\u00bbfirst last\u00a0\u00bb][\/vc_column][\/mk_page_section][mk_page_section border_color=\u00a0\u00bb#e8e8e8&Prime; bg_color=\u00a0\u00bb#f7f7f7&Prime; attachment=\u00a0\u00bbscroll\u00a0\u00bb enable_3d=\u00a0\u00bbfalse\u00a0\u00bb speed_factor=\u00a0\u00bb0&Prime; section_layout=\u00a0\u00bbfull\u00a0\u00bb min_height=\u00a0\u00bb50&Prime; padding_top=\u00a0\u00bb1&Prime; padding_bottom=\u00a0\u00bb10&Prime; margin_bottom=\u00a0\u00bb0&Prime; last_page=\u00a0\u00bbtrue\u00a0\u00bb bg_position=\u00a0\u00bbleft top\u00a0\u00bb bg_repeat=\u00a0\u00bbrepeat\u00a0\u00bb bg_stretch=\u00a0\u00bbfalse\u00a0\u00bb bg_video=\u00a0\u00bbno\u00a0\u00bb video_mask=\u00a0\u00bbfalse\u00a0\u00bb video_opacity=\u00a0\u00bb0.6&Prime; top_shadow=\u00a0\u00bbfalse\u00a0\u00bb first_page=\u00a0\u00bbfalse\u00a0\u00bb][vc_column width=\u00a0\u00bb1\/1&Prime;][mk_fancy_title tag_name=\u00a0\u00bbh1&Prime; style=\u00a0\u00bbfalse\u00a0\u00bb color=\u00a0\u00bb#393836&Prime; size=\u00a0\u00bb24&Prime; font_weight=\u00a0\u00bbinhert\u00a0\u00bb margin_top=\u00a0\u00bb30&Prime; margin_bottom=\u00a0\u00bb0&Prime; font_family=\u00a0\u00bbnone\u00a0\u00bb align=\u00a0\u00bbcenter\u00a0\u00bb width=\u00a0\u00bb1\/1&Prime; el_position=\u00a0\u00bbfirst last\u00a0\u00bb]LES AUTEURS<br \/>\nSt\u00e9phane Hessel, irr\u00e9sistible optimiste[\/mk_fancy_title][mk_divider style=\u00a0\u00bbthick_solid\u00a0\u00bb divider_width=\u00a0\u00bbone_fourth\u00a0\u00bb margin_top=\u00a0\u00bb13&Prime; margin_bottom=\u00a0\u00bb25&Prime; width=\u00a0\u00bb1\/1&Prime; el_position=\u00a0\u00bbfirst last\u00a0\u00bb][mk_employees style=\u00a0\u00bbsimple\u00a0\u00bb column=\u00a0\u00bb5&Prime; box_blur=\u00a0\u00bbfalse\u00a0\u00bb count=\u00a0\u00bb-1&Prime; order=\u00a0\u00bbASC\u00a0\u00bb orderby=\u00a0\u00bbtitle\u00a0\u00bb width=\u00a0\u00bb1\/1&Prime; el_position=\u00a0\u00bbfirst last\u00a0\u00bb offset=\u00a0\u00bb0&Prime; description=\u00a0\u00bbfalse\u00a0\u00bb employees=\u00a0\u00bb7749,7748,7747,7746,7750,7744,7745,7743,7783,7742,7741,7752,7740,7790,7739,7751,7738,7737,7782,7736,7704,7734,7733,7730,7732,7786,7731,7729,7793,7792,7789,7788,7787,7785,7784,7781,7780,7779,7778,7777,7776,7775,7735,7774&Prime;][mk_divider style=\u00a0\u00bbsingle_dotted\u00a0\u00bb divider_width=\u00a0\u00bbfull_width\u00a0\u00bb margin_top=\u00a0\u00bb0&Prime; margin_bottom=\u00a0\u00bb50&Prime; width=\u00a0\u00bb1\/1&Prime; el_position=\u00a0\u00bbfirst last\u00a0\u00bb][\/vc_column][\/mk_page_section]\n","protected":false},"excerpt":{"rendered":"<p>[mk_page_section border_color=\u00a0\u00bb#e8e8e8&Prime; bg_color=\u00a0\u00bb#f7f7f7&Prime; attachment=\u00a0\u00bbscroll\u00a0\u00bb enable_3d=\u00a0\u00bbfalse\u00a0\u00bb speed_factor=\u00a0\u00bb0&Prime; section_layout=\u00a0\u00bbfull\u00a0\u00bb min_height=\u00a0\u00bb50&Prime; padding_top=\u00a0\u00bb1&Prime; padding_bottom=\u00a0\u00bb10&Prime; margin_bottom=\u00a0\u00bb0&Prime; last_page=\u00a0\u00bbtrue\u00a0\u00bb bg_position=\u00a0\u00bbleft top\u00a0\u00bb bg_repeat=\u00a0\u00bbrepeat\u00a0\u00bb bg_stretch=\u00a0\u00bbfalse\u00a0\u00bb bg_video=\u00a0\u00bbno\u00a0\u00bb video_mask=\u00a0\u00bbfalse\u00a0\u00bb video_opacity=\u00a0\u00bb0.6&Prime; top_shadow=\u00a0\u00bbfalse\u00a0\u00bb first_page=\u00a0\u00bbfalse\u00a0\u00bb][vc_column width=\u00a0\u00bb1\/1&Prime;][mk_fancy_title tag_name=\u00a0\u00bbh1&Prime; style=\u00a0\u00bbfalse\u00a0\u00bb color=\u00a0\u00bb#393836&Prime; size=\u00a0\u00bb24&Prime; font_weight=\u00a0\u00bbinhert\u00a0\u00bb margin_top=\u00a0\u00bb30&Prime; margin_bottom=\u00a0\u00bb0&Prime; font_family=\u00a0\u00bbnone\u00a0\u00bb align=\u00a0\u00bbcenter\u00a0\u00bb width=\u00a0\u00bb1\/1&Prime; el_position=\u00a0\u00bbfirst last\u00a0\u00bb]LES AUTEURS Conversation pour l&rsquo;avenir[\/mk_fancy_title][mk_divider style=\u00a0\u00bbthick_solid\u00a0\u00bb divider_width=\u00a0\u00bbone_fourth\u00a0\u00bb margin_top=\u00a0\u00bb13&Prime; margin_bottom=\u00a0\u00bb25&Prime; width=\u00a0\u00bb1\/1&Prime; el_position=\u00a0\u00bbfirst last\u00a0\u00bb][mk_fancy_title tag_name=\u00a0\u00bbh1&Prime; style=\u00a0\u00bbfalse\u00a0\u00bb color=\u00a0\u00bb#666666&Prime; size=\u00a0\u00bb13&Prime; font_weight=\u00a0\u00bbnormal\u00a0\u00bb margin_top=\u00a0\u00bb-10&Prime; margin_bottom=\u00a0\u00bb18&Prime; font_family=\u00a0\u00bbnone\u00a0\u00bb align=\u00a0\u00bbcenter\u00a0\u00bb width=\u00a0\u00bb1\/1&Prime; [&hellip;]<\/p>\n","protected":false},"author":1,"featured_media":0,"parent":0,"menu_order":0,"comment_status":"open","ping_status":"closed","template":"","meta":{"_acf_changed":false,"footnotes":""},"class_list":["post-7319","page","type-page","status-publish","hentry"],"acf":[],"_links":{"self":[{"href":"https:\/\/vivelaterre.com\/livres2026\/wp-json\/wp\/v2\/pages\/7319","targetHints":{"allow":["GET"]}}],"collection":[{"href":"https:\/\/vivelaterre.com\/livres2026\/wp-json\/wp\/v2\/pages"}],"about":[{"href":"https:\/\/vivelaterre.com\/livres2026\/wp-json\/wp\/v2\/types\/page"}],"author":[{"embeddable":true,"href":"https:\/\/vivelaterre.com\/livres2026\/wp-json\/wp\/v2\/users\/1"}],"replies":[{"embeddable":true,"href":"https:\/\/vivelaterre.com\/livres2026\/wp-json\/wp\/v2\/comments?post=7319"}],"version-history":[{"count":11,"href":"https:\/\/vivelaterre.com\/livres2026\/wp-json\/wp\/v2\/pages\/7319\/revisions"}],"predecessor-version":[{"id":8041,"href":"https:\/\/vivelaterre.com\/livres2026\/wp-json\/wp\/v2\/pages\/7319\/revisions\/8041"}],"wp:attachment":[{"href":"https:\/\/vivelaterre.com\/livres2026\/wp-json\/wp\/v2\/media?parent=7319"}],"curies":[{"name":"wp","href":"https:\/\/api.w.org\/{rel}","templated":true}]}}